{"id":47,"date":"2023-01-16T13:14:25","date_gmt":"2023-01-16T13:14:25","guid":{"rendered":"http:\/\/henpartyljubljana.com\/partners\/"},"modified":"2023-04-14T08:30:06","modified_gmt":"2023-04-14T08:30:06","slug":"partnerji","status":"publish","type":"page","link":"https:\/\/henpartyljubljana.com\/sl\/partners\/","title":{"rendered":"Partnerji"},"content":{"rendered":"<p><strong><a href=\"https:\/\/slovenia-holidays.com\/\" target=\"_blank\" rel=\"noreferrer noopener\">PO\u010cITNICE V SLOVENIJI<\/a><\/strong><\/p>\n\n\n\n<p>Naj\u0161ir\u0161a ponudba po\u010ditnic v Sloveniji. Od aktivnih in avanturisti\u010dnih paketov do organiziranih potovanj z aktivnostmi na prostem, od dru\u017einskih po\u010ditnic in spro\u0161\u010denih mestnih oddihov do luksuznih in prilagojenih po\u010ditnic. Ne glede na va\u0161e \u017eelje vam Slovenija Holidays ponuja najbolj\u0161e vodene in samostojne izlete.<\/p>\n\n\n\n<p><strong><a href=\"https:\/\/slovenia-activites.com\/\" target=\"_blank\" rel=\"noreferrer noopener\">DEJAVNOSTI V SLOVENIJI<\/a><\/strong><\/p>\n\n\n\n<p>Slovenia Activities odpira vrata do vseh najbolj\u0161ih do\u017eivetij, ki jih ponuja Slovenija. Poskrbimo, da boste v celoti u\u017eivali v izjemnih mo\u017enostih na\u0161e dr\u017eave. Ne glede na to, ali se ukvarjate z dolo\u010deno dejavnostjo na prostem, se podate na kulinari\u010dno potovanje ali se odlo\u010dite za kombinacijo spro\u0161\u010dujo\u010dih zabav in njihovih bolj razburljivih razli\u010dic - pustolov\u0161\u010dina se za\u010dne tukaj!&nbsp;&nbsp;<\/p>\n\n\n\n<p><strong><a href=\"https:\/\/day-trips-slovenia.com\/\" target=\"_blank\" rel=\"noreferrer noopener\">ENODNEVNI IZLETI SLOVENIJA<\/a><\/strong><\/p>\n\n\n\n<p>Enodnevni izleti v majhnih skupinah in zasebni izleti iz Ljubljane, Bleda, Kopra, Zagreba in Benetk za ogled najbolj\u0161ih krajev v Sloveniji v kombinaciji z enodnevnimi izleti na sosednjo Hrva\u0161ko in v Italijo.<\/p>\n\n\n\n<p><strong><a href=\"https:\/\/fishing-guides-slovenia.com\/\" target=\"_blank\" rel=\"noreferrer noopener\">RIBI\u0160KI VODNIKI SLOVENIJA<\/a><\/strong><\/p>\n\n\n\n<p>Nepozabno ribi\u0161ko do\u017eivetje (izlet in po\u010ditnice, najem opreme) z lokalnimi ribi\u010di na \u010dudovitih skritih krajih po vsej Sloveniji.<\/p>\n\n\n\n<p><strong><a href=\"https:\/\/wine-tours-slovenia.com\/\" target=\"_blank\" rel=\"noreferrer noopener\">VINSKI IZLETI PO SLOVENIJI<\/a><\/strong><\/p>\n\n\n\n<p>Vinski izleti so kot nala\u0161\u010d za za\u010detnike in izku\u0161ene poku\u0161evalce vina. Ne potrebujete nobenega predhodnega znanja. Potrebujete le \u017eeljo po sprostitvi, pitju vina in \u0161e ve\u010dji sprostitvi.<\/p>\n\n\n\n<p>Ni bolj\u0161ega na\u010dina, kako v enem dnevu iz prve roke spoznati bogato vinogradni\u0161ko tradicijo Slovenije, se dru\u017eiti z drugimi popotniki in okusiti naravne dobrote.<\/p>\n\n\n\n<p><strong><a href=\"https:\/\/biketourljubljana.com\/\" target=\"_blank\" rel=\"noreferrer noopener\">KOLESARSKI IZLET PO LJUBLJANI<\/a><\/strong><\/p>\n\n\n\n<p>Spro\u0161\u010den, \u017eivahen in zabaven na\u010din spoznavanja prizorov in bogate kulturne dedi\u0161\u010dine Ljubljane. Poleg \u010dudovitih znamenitosti bomo z vami delili tudi zanimive zgodbe iz preteklosti in aktualno dogajanje v mestu.<\/p>\n\n\n\n<p><a href=\"https:\/\/walking-holidays-slovenia.com\/\"><strong>POHODNI\u0160KE PO\u010cITNICE V SLOVENIJI<\/strong><\/a><\/p>\n\n\n\n<p>Na\u0161e pohodni\u0161ke po\u010ditnice v Sloveniji so namenjene vsem, ki radi pre\u017eivljajo \u010das na prostem in odkrivajo znamenitosti Slovenije, ki niso dosegljive z avtomobilom. Od lagodnih sprehodov ob neokrnjenih rekah do pustolovskih pohodov v gore.<\/p>\n\n\n\n<p><a href=\"https:\/\/huttohuthikingslovenia.com\/\"><strong>POHODNI\u0160TVO OD KO\u010cE DO KO\u010cE SLOVENIJA<\/strong><\/a><\/p>\n\n\n\n<p>Do\u017eivite \u010darobnost pohodni\u0161tva med ko\u010dami v slovenskih gorah. Med vrhovi Julijskih Alp in neokrnjeno naravo Triglavskega narodnega parka ni bolj\u0161ega mesta za prebujanje kot son\u010dni vzhod v gorah.<\/p>\n\n\n\n<p><a href=\"https:\/\/triglavtours.com\/\"><strong>TRIGLAV TOURS<\/strong><\/a><\/p>\n\n\n\n<p>Osvojite najvi\u0161ji vrh Julijskih Alp in najvi\u0161jo goro v Sloveniji. S pomo\u010djo na\u0161ih izku\u0161enih profesionalnih gorskih vodnikov vzpon na Triglav \u0161e nikoli ni bil tako prijeten in varen.<\/p>\n\n\n\n<p><a href=\"https:\/\/slovenia-fly-fishing.com\/\"><strong>SLOVENIJA MUHARJENJE<\/strong><\/a><\/p>\n\n\n\n<p>Slovenija je de\u017eela, polna razli\u010dnih rek, polnih rib, ki le\u017eijo v raznoliki pokrajini med gorami, ravnicami in morjem. S pomo\u010djo na\u0161ih izku\u0161enih lokalnih ribi\u0161kih vodnikov bo muharjenje v Sloveniji nepozabno do\u017eivetje.<\/p>\n\n\n\n<p><strong><a href=\"https:\/\/thebalkantours.com\/\">BALKANSKA TURNEJA<\/a><\/strong><\/p>\n\n\n\n<p>Nepozabne po\u010ditnice po balkanskih dr\u017eavah.<\/p>\n\n\n\n<p><strong><a href=\"https:\/\/shoreexcursionskoper.com\/\" target=\"_blank\" rel=\"noreferrer noopener\">IZLETI NA KOPER<\/a><\/strong><\/p>\n\n\n\n<p>Najbolj\u0161i vodeni izleti iz Kopra po Sloveniji za odkrivanje njenih najve\u010djih znamenitosti in skritih draguljev.<\/p>\n\n\n\n<p><strong><a href=\"https:\/\/hvarstagdo.com\/\" target=\"_blank\" rel=\"noreferrer noopener\">HVAR STAG DO<\/a><\/strong><\/p>\n\n\n\n<p>Najbolj\u0161i kraj za organizacijo nepozabne fantov\u0161\u010dine na neverjetnem otoku Hvaru, kjer lahko svojemu prijatelju privo\u0161\u010dite \u0161e zadnjih nekaj no\u010di zabave, preden zave\u017ee vozel.<\/p>\n\n\n\n<p><strong><a href=\"https:\/\/sloveniaprivatetours.com\/\" target=\"_blank\" rel=\"noreferrer noopener\">ZASEBNI IZLETI V SLOVENIJO<\/a><\/strong><\/p>\n\n\n\n<p>Zasebni izleti v Slovenijo so prilo\u017enost, da na\u0161o dr\u017eavo do\u017eivite popolnoma brez stresa, v dru\u017ebi strokovnega lokalnega voznika in vodnika, ki vam bosta pokazala, kaj vse je Slovenija.<\/p>","protected":false},"excerpt":{"rendered":"<p>PO\u010cITNICE V SLOVENIJI Naj\u0161ir\u0161a ponudba po\u010ditnic v Sloveniji. Od aktivnih in do\u017eivljajskih paketov do organiziranih potovanj z aktivnostmi na prostem, od dru\u017einskih po\u010ditnic in spro\u0161\u010denih mestnih oddihov do luksuznih in prilagojenih po\u010ditnic. Ne glede na va\u0161e \u017eelje, Slovenia Holidays vam ponuja najbolj\u0161e vodene in samostojne izlete. SLOVENIJA AKTIVNOSTI Slovenia Activities odpira vrata v ... <a href=\"https:\/\/henpartyljubljana.com\/sl\/partners\/\">Nadaljevanje<\/a><\/p>","protected":false},"author":35,"featured_media":552,"parent":0,"menu_order":0,"comment_status":"open","ping_status":"open","template":"","meta":{"footnotes":""},"class_list":["post-47","page","type-page","status-publish","has-post-thumbnail","hentry"],"acf":{"page_subheading":"We are stronger together."},"_links":{"self":[{"href":"https:\/\/henpartyljubljana.com\/sl\/wp-json\/wp\/v2\/pages\/47","targetHints":{"allow":["GET"]}}],"collection":[{"href":"https:\/\/henpartyljubljana.com\/sl\/wp-json\/wp\/v2\/pages"}],"about":[{"href":"https:\/\/henpartyljubljana.com\/sl\/wp-json\/wp\/v2\/types\/page"}],"author":[{"embeddable":true,"href":"https:\/\/henpartyljubljana.com\/sl\/wp-json\/wp\/v2\/users\/35"}],"replies":[{"embeddable":true,"href":"https:\/\/henpartyljubljana.com\/sl\/wp-json\/wp\/v2\/comments?post=47"}],"version-history":[{"count":2,"href":"https:\/\/henpartyljubljana.com\/sl\/wp-json\/wp\/v2\/pages\/47\/revisions"}],"predecessor-version":[{"id":707,"href":"https:\/\/henpartyljubljana.com\/sl\/wp-json\/wp\/v2\/pages\/47\/revisions\/707"}],"wp:featuredmedia":[{"embeddable":true,"href":"https:\/\/henpartyljubljana.com\/sl\/wp-json\/wp\/v2\/media\/552"}],"wp:attachment":[{"href":"https:\/\/henpartyljubljana.com\/sl\/wp-json\/wp\/v2\/media?parent=47"}],"curies":[{"name":"wp","href":"https:\/\/api.w.org\/{rel}","templated":true}]}}