{"id":39,"date":"2023-01-16T13:14:25","date_gmt":"2023-01-16T13:14:25","guid":{"rendered":"http:\/\/henpartyljubljana.com\/about-us\/"},"modified":"2024-06-03T14:47:51","modified_gmt":"2024-06-03T14:47:51","slug":"o-nas","status":"publish","type":"page","link":"https:\/\/henpartyljubljana.com\/sl\/about-us\/","title":{"rendered":"O nas"},"content":{"rendered":"<p>Smo razburljiva in zabavna skupina <strong>lokalni navdu\u0161enci za zabavo<\/strong> s strastjo do organizacije nepozabnih dekli\u0161\u010din v Ljubljani.<\/p>\n\n\n\n<p>Od na\u0161e ustanovitve leta 2015 smo vsako leto uspe\u0161no organizirali do 200 dekli\u0161\u010din in fantov\u0161\u010din. Pridobili smo si tudi velik ugled po Evropi, saj sodelujemo z agencijami za zabave na celini.<\/p>\n\n\n\n<figure class=\"wp-block-image size-full\"><img loading=\"lazy\" decoding=\"async\" width=\"1000\" height=\"667\" src=\"https:\/\/henpartyljubljana.com\/wp-content\/uploads\/hen-celebration-slovenia.webp\" alt=\"Praznovanje koko\u0161i v Sloveniji\" class=\"wp-image-493\" srcset=\"https:\/\/henpartyljubljana.com\/wp-content\/uploads\/hen-celebration-slovenia.webp 1000w, https:\/\/henpartyljubljana.com\/wp-content\/uploads\/hen-celebration-slovenia-300x200.webp 300w, https:\/\/henpartyljubljana.com\/wp-content\/uploads\/hen-celebration-slovenia-768x512.webp 768w, https:\/\/henpartyljubljana.com\/wp-content\/uploads\/hen-celebration-slovenia-18x12.webp 18w\" sizes=\"auto, (max-width: 1000px) 100vw, 1000px\" \/><figcaption class=\"wp-element-caption\">Dekli\u0161\u010dina v Ljubljani.<\/figcaption><\/figure>\n\n\n\n<p>Ponosni smo na svoje <strong>zaupanja vredna partnerstva<\/strong>, ki nam omogo\u010dajo, da zagotovimo edinstvena in visokokakovostna do\u017eivetja, ki so vredna va\u0161ega denarja. Na\u0161i vodniki za zabave so izku\u0161eni in navdu\u0161eni ter imajo veliko znanja o najbolj priljubljenih to\u010dkah v mestu, kar vam zagotavlja, da boste pre\u017eiveli najlep\u0161i \u010das svojega \u017eivljenja.<\/p>\n\n\n\n<p>Prizadevamo si, da z vami tesno komuniciramo ves \u010das na\u010drtovanja, od va\u0161ega prvega povpra\u0161evanja do kon\u010dne rezervacije in prihoda. Na\u0161 cilj je, da vam pomagamo ustvariti prilagojeno kombinacijo zabave in drugih dejavnosti, ki bo izpolnila \u017eelje va\u0161e skupine.<\/p>\n\n\n\n<figure class=\"wp-block-image size-full\"><img loading=\"lazy\" decoding=\"async\" width=\"1000\" height=\"667\" src=\"https:\/\/henpartyljubljana.com\/wp-content\/uploads\/ricky-male-stripper.webp\" alt=\"Ricky mo\u0161ki striptiz\" class=\"wp-image-394\" srcset=\"https:\/\/henpartyljubljana.com\/wp-content\/uploads\/ricky-male-stripper.webp 1000w, https:\/\/henpartyljubljana.com\/wp-content\/uploads\/ricky-male-stripper-300x200.webp 300w, https:\/\/henpartyljubljana.com\/wp-content\/uploads\/ricky-male-stripper-768x512.webp 768w, https:\/\/henpartyljubljana.com\/wp-content\/uploads\/ricky-male-stripper-18x12.webp 18w\" sizes=\"auto, (max-width: 1000px) 100vw, 1000px\" \/><figcaption class=\"wp-element-caption\">Zadnjo no\u010d svobode pre\u017eivite v slogu!<\/figcaption><\/figure>\n\n\n\n<p>Tudi med obiskom vam nudimo <strong>Podpora 24 ur na dan, 7 dni v tednu <\/strong>da bodo va\u0161i na\u010drti za konec tedna potekali gladko in brez neprijetnih presene\u010denj. Od prevozov z letali\u0161\u010da do nastanitve, rezervacij v restavracijah in priporo\u010dil za dejavnosti, <strong>poskrbeli bomo za vse. <\/strong>da bo va\u0161a dekli\u0161\u010dina nepozabna.<\/p>\n\n\n\n<p>\u010ce ste pripravljeni na popolno do\u017eivetje dekli\u0161\u010dine, izpolnite na\u0161o <a href=\"https:\/\/henpartyljubljana.com\/sl\/poizvedba\/\">poizvedba<\/a> in za\u010deli bomo na\u010drtovati va\u0161 sanjski vikend!<\/p>","protected":false},"excerpt":{"rendered":"<p>Smo razburljiva in zabavna skupina lokalnih navdu\u0161encev nad zabavami s strastjo do organiziranja nepozabnih dekli\u0161\u010din v Ljubljani. Od na\u0161e ustanovitve leta 2015 smo vsako leto uspe\u0161no organizirali do 200 dekli\u0161\u010din in fantov\u0161\u010din. Prav tako smo si zgradili mo\u010dan ugled po vsej Evropi, saj sodelujemo z agencijami za zabave na ... <a href=\"https:\/\/henpartyljubljana.com\/sl\/about-us\/\">Nadaljevanje<\/a><\/p>","protected":false},"author":35,"featured_media":666,"parent":0,"menu_order":0,"comment_status":"open","ping_status":"open","template":"","meta":{"footnotes":""},"class_list":["post-39","page","type-page","status-publish","has-post-thumbnail","hentry"],"acf":{"page_subheading":"We are a dynamic team of party and tourism experts, dedicated to providing you with the ultimate Ljubljana hen party experience!"},"_links":{"self":[{"href":"https:\/\/henpartyljubljana.com\/sl\/wp-json\/wp\/v2\/pages\/39","targetHints":{"allow":["GET"]}}],"collection":[{"href":"https:\/\/henpartyljubljana.com\/sl\/wp-json\/wp\/v2\/pages"}],"about":[{"href":"https:\/\/henpartyljubljana.com\/sl\/wp-json\/wp\/v2\/types\/page"}],"author":[{"embeddable":true,"href":"https:\/\/henpartyljubljana.com\/sl\/wp-json\/wp\/v2\/users\/35"}],"replies":[{"embeddable":true,"href":"https:\/\/henpartyljubljana.com\/sl\/wp-json\/wp\/v2\/comments?post=39"}],"version-history":[{"count":11,"href":"https:\/\/henpartyljubljana.com\/sl\/wp-json\/wp\/v2\/pages\/39\/revisions"}],"predecessor-version":[{"id":32066,"href":"https:\/\/henpartyljubljana.com\/sl\/wp-json\/wp\/v2\/pages\/39\/revisions\/32066"}],"wp:featuredmedia":[{"embeddable":true,"href":"https:\/\/henpartyljubljana.com\/sl\/wp-json\/wp\/v2\/media\/666"}],"wp:attachment":[{"href":"https:\/\/henpartyljubljana.com\/sl\/wp-json\/wp\/v2\/media?parent=39"}],"curies":[{"name":"wp","href":"https:\/\/api.w.org\/{rel}","templated":true}]}}