{"id":39,"date":"2023-01-16T13:14:25","date_gmt":"2023-01-16T13:14:25","guid":{"rendered":"http:\/\/henpartyljubljana.com\/about-us\/"},"modified":"2024-06-03T14:47:51","modified_gmt":"2024-06-03T14:47:51","slug":"uber-uns","status":"publish","type":"page","link":"https:\/\/henpartyljubljana.com\/de\/about-us\/","title":{"rendered":"\u00dcber uns"},"content":{"rendered":"<p>Wir sind eine spannende und lebenslustige Gruppe von <strong>lokale Partyg\u00e4nger<\/strong> mit einer Leidenschaft f\u00fcr die Organisation von unvergesslichen Junggesellinnenabschieden in Ljubljana.<\/p>\n\n\n\n<p>Seit unserer Gr\u00fcndung im Jahr 2015 haben wir jedes Jahr bis zu 200 Junggesellenabschiede erfolgreich organisiert. Wir haben uns auch in ganz Europa einen guten Ruf erarbeitet und arbeiten mit den Partyagenturen des Kontinents zusammen.<\/p>\n\n\n\n<figure class=\"wp-block-image size-full\"><img loading=\"lazy\" decoding=\"async\" width=\"1000\" height=\"667\" src=\"https:\/\/henpartyljubljana.com\/wp-content\/uploads\/hen-celebration-slovenia.webp\" alt=\"Junggesellenabschied in Slowenien\" class=\"wp-image-493\" srcset=\"https:\/\/henpartyljubljana.com\/wp-content\/uploads\/hen-celebration-slovenia.webp 1000w, https:\/\/henpartyljubljana.com\/wp-content\/uploads\/hen-celebration-slovenia-300x200.webp 300w, https:\/\/henpartyljubljana.com\/wp-content\/uploads\/hen-celebration-slovenia-768x512.webp 768w, https:\/\/henpartyljubljana.com\/wp-content\/uploads\/hen-celebration-slovenia-18x12.webp 18w\" sizes=\"auto, (max-width: 1000px) 100vw, 1000px\" \/><figcaption class=\"wp-element-caption\">Junggesellenabschied in Ljubljana.<\/figcaption><\/figure>\n\n\n\n<p>Wir sind stolz auf unsere <strong>vertrauensvolle Partnerschaften<\/strong>Dadurch k\u00f6nnen wir Ihnen einzigartige und hochwertige Erlebnisse bieten, die Ihr Geld wert sind. Unsere Partyguides sind erfahren und enthusiastisch und verf\u00fcgen \u00fcber umfassende Kenntnisse der beliebtesten Orte der Stadt, damit Sie die Zeit Ihres Lebens haben.<\/p>\n\n\n\n<p>Wir bem\u00fchen uns, w\u00e4hrend des gesamten Planungsprozesses in engem Kontakt mit Ihnen zu bleiben, von Ihrer ersten Anfrage bis zur endg\u00fcltigen Buchung und Ankunft. Unser Ziel ist es, Ihnen dabei zu helfen, eine ma\u00dfgeschneiderte Kombination aus Party und anderen Aktivit\u00e4ten zu erstellen, die den W\u00fcnschen Ihrer Gruppe entspricht.<\/p>\n\n\n\n<figure class=\"wp-block-image size-full\"><img loading=\"lazy\" decoding=\"async\" width=\"1000\" height=\"667\" src=\"https:\/\/henpartyljubljana.com\/wp-content\/uploads\/ricky-male-stripper.webp\" alt=\"Ricky m\u00e4nnlicher Stripper\" class=\"wp-image-394\" srcset=\"https:\/\/henpartyljubljana.com\/wp-content\/uploads\/ricky-male-stripper.webp 1000w, https:\/\/henpartyljubljana.com\/wp-content\/uploads\/ricky-male-stripper-300x200.webp 300w, https:\/\/henpartyljubljana.com\/wp-content\/uploads\/ricky-male-stripper-768x512.webp 768w, https:\/\/henpartyljubljana.com\/wp-content\/uploads\/ricky-male-stripper-18x12.webp 18w\" sizes=\"auto, (max-width: 1000px) 100vw, 1000px\" \/><figcaption class=\"wp-element-caption\">Genie\u00dfen Sie Ihre letzte Nacht in Freiheit mit Stil!<\/figcaption><\/figure>\n\n\n\n<p>Auch w\u00e4hrend Ihres Besuchs bieten wir <strong>24\/7 Unterst\u00fctzung <\/strong>um sicherzustellen, dass Ihre Wochenendpl\u00e4ne reibungslos und ohne unangenehme \u00dcberraschungen ablaufen. Vom Flughafentransfer \u00fcber die Unterkunft bis hin zu Restaurantbuchungen und Empfehlungen f\u00fcr Aktivit\u00e4ten, <strong>wir werden uns um alles k\u00fcmmern <\/strong>um sicherzustellen, dass Ihr Junggesellinnenabschied unvergesslich wird.<\/p>\n\n\n\n<p>Wenn Sie bereit sind f\u00fcr das ultimative Junggesellinnenabschiedserlebnis, f\u00fcllen Sie unser <a href=\"https:\/\/henpartyljubljana.com\/de\/anfrage\/\">Anfrage<\/a> Formular, und wir beginnen mit der Planung Ihres Traumwochenendes!<\/p>","protected":false},"excerpt":{"rendered":"<p>Wir sind eine aufregende und lebenslustige Gruppe von lokalen Party-Enthusiasten mit einer Leidenschaft f\u00fcr die Organisation von unvergesslichen Junggesellinnenabschieden in Ljubljana. Seit unserer Gr\u00fcndung im Jahr 2015 haben wir erfolgreich bis zu 200 Junggesellinnen- und Junggesellenabschiede pro Jahr organisiert. Wir haben uns auch einen guten Ruf in ganz Europa aufgebaut und arbeiten mit den Partyagenturen auf der ganzen Welt zusammen... <a href=\"https:\/\/henpartyljubljana.com\/de\/about-us\/\">Fortsetzung<\/a><\/p>","protected":false},"author":35,"featured_media":666,"parent":0,"menu_order":0,"comment_status":"open","ping_status":"open","template":"","meta":{"footnotes":""},"class_list":["post-39","page","type-page","status-publish","has-post-thumbnail","hentry"],"acf":{"page_subheading":"We are a dynamic team of party and tourism experts, dedicated to providing you with the ultimate Ljubljana hen party experience!"},"_links":{"self":[{"href":"https:\/\/henpartyljubljana.com\/de\/wp-json\/wp\/v2\/pages\/39","targetHints":{"allow":["GET"]}}],"collection":[{"href":"https:\/\/henpartyljubljana.com\/de\/wp-json\/wp\/v2\/pages"}],"about":[{"href":"https:\/\/henpartyljubljana.com\/de\/wp-json\/wp\/v2\/types\/page"}],"author":[{"embeddable":true,"href":"https:\/\/henpartyljubljana.com\/de\/wp-json\/wp\/v2\/users\/35"}],"replies":[{"embeddable":true,"href":"https:\/\/henpartyljubljana.com\/de\/wp-json\/wp\/v2\/comments?post=39"}],"version-history":[{"count":11,"href":"https:\/\/henpartyljubljana.com\/de\/wp-json\/wp\/v2\/pages\/39\/revisions"}],"predecessor-version":[{"id":32066,"href":"https:\/\/henpartyljubljana.com\/de\/wp-json\/wp\/v2\/pages\/39\/revisions\/32066"}],"wp:featuredmedia":[{"embeddable":true,"href":"https:\/\/henpartyljubljana.com\/de\/wp-json\/wp\/v2\/media\/666"}],"wp:attachment":[{"href":"https:\/\/henpartyljubljana.com\/de\/wp-json\/wp\/v2\/media?parent=39"}],"curies":[{"name":"wp","href":"https:\/\/api.w.org\/{rel}","templated":true}]}}